{"id":155407,"date":"2019-08-29T15:51:00","date_gmt":"2019-08-29T12:51:00","guid":{"rendered":"https:\/\/www.radyoulku.com\/?page_id=155407"},"modified":"2023-05-03T16:36:04","modified_gmt":"2023-05-03T13:36:04","slug":"yayin-akisimiz","status":"publish","type":"page","link":"https:\/\/www.radyoulku.com\/?page_id=155407","title":{"rendered":"Yay\u0131n Ak\u0131\u015f\u0131m\u0131z"},"content":{"rendered":"\n<figure class=\"wp-block-table\"><table><tbody><tr><td>08.00<\/td><td>HABERLER &#8211; T\u00fcrkiye ve Mersin <\/td><\/tr><tr><td><strong>08:45<\/strong> &#8211; 10:30<\/td><td><strong>G\u00dcL \u0130LE G\u00dcL, G\u00dcNE<\/strong><\/td><\/tr><tr><td>09:00 <\/td><td><strong>HABERLER &#8211;<\/strong> T\u00dcRK\u0130YE<\/td><\/tr><tr><td>10:00<\/td><td><strong>HABERLER<\/strong> &#8211; YEREL<\/td><\/tr><tr><td>10:55<\/td><td><strong>HABERLER<\/strong> &#8211; T\u00dcRK\u0130YE<\/td><\/tr><tr><td><strong>11.00<\/strong> &#8211; 12:00<\/td><td><strong>YEREL G\u00dcNDEM (Mersin G\u00fcndemi)<\/strong><\/td><\/tr><tr><td>11:55<\/td><td><strong>HABERLER<\/strong> &#8211; YEREL<\/td><\/tr><tr><td><strong>12:00<\/strong>\u00a0&#8211; 13:00<\/td><td>HALK M\u00dcZ\u0130\u011e\u0130<\/td><\/tr><tr><td>12.55<\/td><td><strong>HABERLER<\/strong> &#8211; T\u00dcRK\u0130YE<\/td><\/tr><tr><td><strong>13:00 <\/strong>&#8211; 14:00<\/td><td>EN \u00c7OK D\u0130NLENENLER &#8211; YEN\u0130 \u00c7IKANLAR<\/td><\/tr><tr><td>13:55<\/td><td><strong>HABERLER<\/strong> &#8211; YEREL<\/td><\/tr><tr><td><strong>14:00<\/strong><\/td><td>90&#8217;LAR T\u00dcRK\u00c7E POP<\/td><\/tr><tr><td>14:55 <\/td><td><strong>HABERLER &#8211;<\/strong> T\u00dcRK\u0130YE<\/td><\/tr><tr><td><strong>15:00<\/strong> &#8211; 16:30<\/td><td><strong>G\u00dcL \u0130LE G\u00dcL, G\u00dcNE<\/strong><\/td><\/tr><tr><td>16:00<\/td><td>HABERLER &#8211; YEREL<\/td><\/tr><tr><td>16:55<\/td><td><strong>HABERLER<\/strong> &#8211; T\u00dcRK\u0130YE<\/td><\/tr><tr><td><strong>17:00 <\/strong>&#8211; 18:00 <\/td><td><strong>\u015eARKILAR B\u0130Z\u0130 S\u00d6YLER<\/strong> &#8211; Sanat M\u00fczi\u011fi Saati<\/td><\/tr><tr><td><strong>18:00 <\/strong>&#8211; 19:00 <\/td><td><strong>YEREL G\u00dcNDEM (Tekrar yay\u0131n)<\/strong><\/td><\/tr><tr><td>18:55<\/td><td><strong>HABERLER<\/strong> &#8211; T\u00dcRK\u0130YE<\/td><\/tr><tr><td><strong>19:00<\/strong><\/td><td><strong>90&#8217;LAR T\u00dcRK\u00c7E POP<\/strong><\/td><\/tr><tr><td><strong>20:00 <\/strong><\/td><td>Ak\u015fam ve Gece Ku\u015fa\u011f\u0131\u00a0M\u00fczik Saati<\/td><\/tr><\/tbody><\/table><\/figure>\n","protected":false},"excerpt":{"rendered":"<p>08.00 HABERLER &#8211; T\u00fcrkiye ve Mersin 08:45 &#8211; 10:30 G\u00dcL \u0130LE G\u00dcL, G\u00dcNE 09:00 HABERLER &#8211; T\u00dcRK\u0130YE 10:00 HABERLER &#8211; YEREL 10:55 HABERLER &#8211; T\u00dcRK\u0130YE 11.00 &#8211; 12:00 YEREL G\u00dcNDEM (Mersin G\u00fcndemi) 11:55 HABERLER &#8211; YEREL 12:00\u00a0&#8211; 13:00 HALK M\u00dcZ\u0130\u011e\u0130 12.55 HABERLER &#8211; T\u00dcRK\u0130YE 13:00 &#8211; 14:00 EN \u00c7OK D\u0130NLENENLER &#8211; YEN\u0130 \u00c7IKANLAR 13:55 HABERLER [&hellip;]<\/p>\n","protected":false},"author":1,"featured_media":0,"parent":0,"menu_order":0,"comment_status":"closed","ping_status":"closed","template":"","meta":{"footnotes":""},"class_list":["post-155407","page","type-page","status-publish","hentry"],"_links":{"self":[{"href":"https:\/\/www.radyoulku.com\/index.php?rest_route=\/wp\/v2\/pages\/155407","targetHints":{"allow":["GET"]}}],"collection":[{"href":"https:\/\/www.radyoulku.com\/index.php?rest_route=\/wp\/v2\/pages"}],"about":[{"href":"https:\/\/www.radyoulku.com\/index.php?rest_route=\/wp\/v2\/types\/page"}],"author":[{"embeddable":true,"href":"https:\/\/www.radyoulku.com\/index.php?rest_route=\/wp\/v2\/users\/1"}],"replies":[{"embeddable":true,"href":"https:\/\/www.radyoulku.com\/index.php?rest_route=%2Fwp%2Fv2%2Fcomments&post=155407"}],"version-history":[{"count":0,"href":"https:\/\/www.radyoulku.com\/index.php?rest_route=\/wp\/v2\/pages\/155407\/revisions"}],"wp:attachment":[{"href":"https:\/\/www.radyoulku.com\/index.php?rest_route=%2Fwp%2Fv2%2Fmedia&parent=155407"}],"curies":[{"name":"wp","href":"https:\/\/api.w.org\/{rel}","templated":true}]}}